{"id":5722,"date":"2024-08-13T11:13:43","date_gmt":"2024-08-13T09:13:43","guid":{"rendered":"https:\/\/hotelvega.cz\/?page_id=5722"},"modified":"2026-01-21T10:03:03","modified_gmt":"2026-01-21T09:03:03","slug":"pultovy-cenik","status":"publish","type":"page","link":"https:\/\/hotelvega.cz\/en\/pultovy-cenik\/","title":{"rendered":"Counter price list"},"content":{"rendered":"<div data-elementor-type=\"wp-page\" data-elementor-id=\"5722\" class=\"elementor elementor-5722\">\n\t\t\t\t\t\t<section class=\"elementor-section elementor-top-section elementor-element elementor-element-a32ea14 elementor-section-boxed elementor-section-height-default elementor-section-height-default\" data-id=\"a32ea14\" data-element_type=\"section\">\n\t\t\t\t\t\t<div class=\"elementor-container elementor-column-gap-default\">\n\t\t\t\t\t<div class=\"elementor-column elementor-col-100 elementor-top-column elementor-element elementor-element-9032e9b\" data-id=\"9032e9b\" data-element_type=\"column\">\n\t\t\t<div class=\"elementor-widget-wrap elementor-element-populated\">\n\t\t\t\t\t\t<div class=\"elementor-element elementor-element-a9f6733 elementor-widget elementor-widget-heading\" data-id=\"a9f6733\" data-element_type=\"widget\" data-widget_type=\"heading.default\">\n\t\t\t\t<div class=\"elementor-widget-container\">\n\t\t\t\t\t<h2 class=\"elementor-heading-title elementor-size-default\">PULTOV\u00dd CEN\u00cdK<\/h2>\t\t\t\t<\/div>\n\t\t\t\t<\/div>\n\t\t\t\t<div class=\"elementor-element elementor-element-8e15056 elementor-widget elementor-widget-text-editor\" data-id=\"8e15056\" data-element_type=\"widget\" data-widget_type=\"text-editor.default\">\n\t\t\t\t<div class=\"elementor-widget-container\">\n\t\t\t\t\t\t\t\t\t<div class=\"elementor-element elementor-element-f3ad88e elementor-widget elementor-widget-text-editor\" data-id=\"f3ad88e\" data-element_type=\"widget\" data-widget_type=\"text-editor.default\"><div class=\"elementor-widget-container\"><p>The hotel reserves the right to determine the length of stay or type of package in seasonal cases (holidays, Easter, Christmas, weekends)<\/p><div>\u00a0<\/div><div>\u00a0<strong>2026<\/strong><\/div><div><ul><li>Velikonoce 2.4. \u2013 6.4.2026 \u2013 v\u00a0prodeji pouze speci\u00e1ln\u00ed Velikono\u010dn\u00ed pobyt<\/li><li>Term\u00edn 30.4. \u2013 3. 5. 2026 v\u00a0prodeji pobyty minim\u00e1ln\u011b na 3 noci<\/li><li>Term\u00edn 7. 5. \u2013 10. 5. 2026 \u00a0v\u00a0prodeji pobyty minim\u00e1ln\u011b na 3 noci<\/li><li>27.12.2026 \u2013 2. 1. 2027 \u2013 v\u00a0prodeji speci\u00e1ln\u00ed p\u0159edsilvestrovsk\u00e9 a silvestrovsk\u00e9 pobyty<\/li><li><strong>B\u011bhem cel\u00e9ho roku nelze pobyty za\u010d\u00ednat ani kon\u010dit sobotou.<\/strong><\/li><\/ul><\/div><p><strong><br \/>This list may be updated throughout the year!<\/strong><\/p><\/div><\/div>\t\t\t\t\t\t\t\t<\/div>\n\t\t\t\t<\/div>\n\t\t\t\t<div class=\"elementor-element elementor-element-3eb9749 elementor-widget elementor-widget-text-editor\" data-id=\"3eb9749\" data-element_type=\"widget\" data-widget_type=\"text-editor.default\">\n\t\t\t\t<div class=\"elementor-widget-container\">\n\t\t\t\t\t\t\t\t\t<p>\n<table id=\"tablepress-1\" class=\"tablepress tablepress-id-1\">\n<thead>\n<tr class=\"row-1\">\n\t<th class=\"column-1\">2026<\/strong><strong><\/th><th class=\"column-2\">B<\/strong><\/th><th class=\"column-3\">A<strong><\/th>\n<\/tr>\n<\/thead>\n<tbody class=\"row-striping row-hover\">\n<tr class=\"row-2\">\n\t<td class=\"column-1\"><\/td><td class=\"column-2\">4. 1. 2026 &#8211; 1. 4.2026<br \/>\n1. 10. 2026 &#8211; 26. 12. 2026<\/td><td class=\"column-3\">2. 4. 2026 &#8211; 30. 9. 2026<br \/>\n27. 12. 2026 &#8211; 3. 1. 2027<\/td>\n<\/tr>\n<tr class=\"row-3\">\n\t<td class=\"column-1\">SINGLE ROOM<\/td><td class=\"column-2\">3 570 K\u010d<\/td><td class=\"column-3\">3 900 K\u010d<\/td>\n<\/tr>\n<tr class=\"row-4\">\n\t<td class=\"column-1\">DVOUL\u016e\u017dKOV\u00dd POKOJ STANDARD<\/td><td class=\"column-2\">3 850 K\u010d<\/td><td class=\"column-3\">4 150 K\u010d<\/td>\n<\/tr>\n<tr class=\"row-5\">\n\t<td class=\"column-1\">DVOUL\u016e\u017dKOV\u00dd POKOJ EXECUTIVE<\/td><td class=\"column-2\">4 600 K\u010d<\/td><td class=\"column-3\">4 900 K\u010d<\/td>\n<\/tr>\n<tr class=\"row-6\">\n\t<td class=\"column-1\">TRIPLE ROOM (FAMILY)<\/td><td class=\"column-2\">4 950 K\u010d<\/td><td class=\"column-3\">5 300 K\u010d<\/td>\n<\/tr>\n<tr class=\"row-7\">\n\t<td class=\"column-1\">APARTMENT (2 persons)<\/td><td class=\"column-2\">5 600 CZK<\/td><td class=\"column-3\">5 800 K\u010d<\/td>\n<\/tr>\n<\/tbody>\n<\/table>\n<!-- #tablepress-1 from cache --><\/p>\t\t\t\t\t\t\t\t<\/div>\n\t\t\t\t<\/div>\n\t\t\t\t\t<\/div>\n\t\t<\/div>\n\t\t\t\t\t<\/div>\n\t\t<\/section>\n\t\t\t\t<section class=\"elementor-section elementor-top-section elementor-element elementor-element-26751df elementor-section-boxed elementor-section-height-default elementor-section-height-default\" data-id=\"26751df\" data-element_type=\"section\">\n\t\t\t\t\t\t<div class=\"elementor-container elementor-column-gap-default\">\n\t\t\t\t\t<div class=\"elementor-column elementor-col-100 elementor-top-column elementor-element elementor-element-e77499a\" data-id=\"e77499a\" data-element_type=\"column\">\n\t\t\t<div class=\"elementor-widget-wrap elementor-element-populated\">\n\t\t\t\t\t\t<div class=\"elementor-element elementor-element-ec43c65 elementor-widget elementor-widget-heading\" data-id=\"ec43c65\" data-element_type=\"widget\" data-widget_type=\"heading.default\">\n\t\t\t\t<div class=\"elementor-widget-container\">\n\t\t\t\t\t<h2 class=\"elementor-heading-title elementor-size-default\">The price includes:<\/h2>\t\t\t\t<\/div>\n\t\t\t\t<\/div>\n\t\t<div class=\"elementor-element elementor-element-d4e185b e-flex e-con-boxed e-con e-parent\" data-id=\"d4e185b\" data-element_type=\"container\">\n\t\t\t\t\t<div class=\"e-con-inner\">\n\t\t\t\t<div class=\"elementor-element elementor-element-2c30322 elementor-widget__width-initial elementor-widget-mobile__width-inherit elementor-widget elementor-widget-text-editor\" data-id=\"2c30322\" data-element_type=\"widget\" data-widget_type=\"text-editor.default\">\n\t\t\t\t<div class=\"elementor-widget-container\">\n\t\t\t\t\t\t\t\t\t<ul><li>Buffet breakfast<\/li><li>Access to the wellness centre - indoor pool and whirlpool<\/li><li>Access to the sauna zone - Finnish sauna, steam sauna, infrared sauna, relaxation room, experience shower, etc.<\/li><li>Access to the outdoor pool (only in summer and in good weather min. 25 \u00b0C)<\/li><\/ul>\t\t\t\t\t\t\t\t<\/div>\n\t\t\t\t<\/div>\n\t\t\t\t<div class=\"elementor-element elementor-element-a9d482a elementor-widget__width-initial elementor-widget-mobile__width-inherit elementor-widget elementor-widget-text-editor\" data-id=\"a9d482a\" data-element_type=\"widget\" data-widget_type=\"text-editor.default\">\n\t\t\t\t<div class=\"elementor-widget-container\">\n\t\t\t\t\t\t\t\t\t<ul><li>Fitness<\/li><li>Hotel slippers<\/li><li>Wi-Fi internet<\/li><li>Free parking<\/li><li>Use of children's play area and outdoor playgrounds<\/li><\/ul>\t\t\t\t\t\t\t\t<\/div>\n\t\t\t\t<\/div>\n\t\t\t\t\t<\/div>\n\t\t\t\t<\/div>\n\t\t<div class=\"elementor-element elementor-element-1381c9e e-flex e-con-boxed e-con e-parent\" data-id=\"1381c9e\" data-element_type=\"container\">\n\t\t\t\t\t<div class=\"e-con-inner\">\n\t\t\t\t<div class=\"elementor-element elementor-element-1bad3fe elementor-widget__width-initial elementor-widget elementor-widget-text-editor\" data-id=\"1bad3fe\" data-element_type=\"widget\" data-widget_type=\"text-editor.default\">\n\t\t\t\t<div class=\"elementor-widget-container\">\n\t\t\t\t\t\t\t\t\t<p><strong>Orders for wellness treatments in addition to or beyond the package must be made well in advance. Their inclusion depends on the availability of the wellness centre.<\/strong><\/p>\t\t\t\t\t\t\t\t<\/div>\n\t\t\t\t<\/div>\n\t\t\t\t\t<\/div>\n\t\t\t\t<\/div>\n\t\t\t\t<div class=\"elementor-element elementor-element-9da5123 elementor-widget elementor-widget-heading\" data-id=\"9da5123\" data-element_type=\"widget\" data-widget_type=\"heading.default\">\n\t\t\t\t<div class=\"elementor-widget-container\">\n\t\t\t\t\t<h2 class=\"elementor-heading-title elementor-size-default\">Room types:<\/h2>\t\t\t\t<\/div>\n\t\t\t\t<\/div>\n\t\t<div class=\"elementor-element elementor-element-c3a9f52 e-flex e-con-boxed e-con e-parent\" data-id=\"c3a9f52\" data-element_type=\"container\">\n\t\t\t\t\t<div class=\"e-con-inner\">\n\t\t\t\t<div class=\"elementor-element elementor-element-ad30239 elementor-widget__width-initial elementor-widget-mobile__width-inherit elementor-widget elementor-widget-text-editor\" data-id=\"ad30239\" data-element_type=\"widget\" data-widget_type=\"text-editor.default\">\n\t\t\t\t<div class=\"elementor-widget-container\">\n\t\t\t\t\t\t\t\t\t<p><strong>Apartment<\/strong> - 2 rooms, 2 fixed beds + possibility of double extra bed<\/p><p><strong>Triple room (family)<\/strong> - 3 fixed beds + extra bed<\/p><p><strong>Double room<\/strong>\u00a0 <strong>STANDARD<\/strong>\u2013 2 pevn\u00e1 l\u016f\u017eka s mo\u017enost\u00ed p\u0159ist\u00fdlky<\/p><p><strong>Double room<\/strong> EXECUTIVE\u2013 2 pevn\u00e1 l\u016f\u017eka s mo\u017enost\u00ed p\u0159ist\u00fdlky (pokoj vy\u0161\u0161\u00ed kvality ve 3. pat\u0159e)<\/p>\t\t\t\t\t\t\t\t<\/div>\n\t\t\t\t<\/div>\n\t\t\t\t\t<\/div>\n\t\t\t\t<\/div>\n\t\t\t\t<div class=\"elementor-element elementor-element-2bfde5e elementor-widget elementor-widget-heading\" data-id=\"2bfde5e\" data-element_type=\"widget\" data-widget_type=\"heading.default\">\n\t\t\t\t<div class=\"elementor-widget-container\">\n\t\t\t\t\t<h2 class=\"elementor-heading-title elementor-size-default\">Room amenities<\/h2>\t\t\t\t<\/div>\n\t\t\t\t<\/div>\n\t\t<div class=\"elementor-element elementor-element-1d875be e-flex e-con-boxed e-con e-parent\" data-id=\"1d875be\" data-element_type=\"container\">\n\t\t\t\t\t<div class=\"e-con-inner\">\n\t\t\t\t<div class=\"elementor-element elementor-element-0750015 elementor-widget__width-initial elementor-widget-mobile__width-inherit elementor-widget elementor-widget-text-editor\" data-id=\"0750015\" data-element_type=\"widget\" data-widget_type=\"text-editor.default\">\n\t\t\t\t<div class=\"elementor-widget-container\">\n\t\t\t\t\t\t\t\t\t<ul><li>Air Conditioning<\/li><li>Bath\/shower<\/li><li>Separate toilet<\/li><li>Hair dryer<\/li><li>LCD TV<\/li><\/ul>\t\t\t\t\t\t\t\t<\/div>\n\t\t\t\t<\/div>\n\t\t\t\t<div class=\"elementor-element elementor-element-772d5c1 elementor-widget__width-initial elementor-widget-mobile__width-inherit elementor-widget elementor-widget-text-editor\" data-id=\"772d5c1\" data-element_type=\"widget\" data-widget_type=\"text-editor.default\">\n\t\t\t\t<div class=\"elementor-widget-container\">\n\t\t\t\t\t\t\t\t\t<ul><li>Phone<\/li><li>WiFi internet<\/li><li>Balcony\/terrace<\/li><li>Toiletries<\/li><li>Minibar - on request - please specify when booking your stay<\/li><\/ul>\t\t\t\t\t\t\t\t<\/div>\n\t\t\t\t<\/div>\n\t\t\t\t\t<\/div>\n\t\t\t\t<\/div>\n\t\t\t\t\t<\/div>\n\t\t<\/div>\n\t\t\t\t\t<\/div>\n\t\t<\/section>\n\t\t\t\t<section class=\"elementor-section elementor-top-section elementor-element elementor-element-08c7a06 elementor-section-boxed elementor-section-height-default elementor-section-height-default\" data-id=\"08c7a06\" data-element_type=\"section\">\n\t\t\t\t\t\t<div class=\"elementor-container elementor-column-gap-default\">\n\t\t\t\t\t<div class=\"elementor-column elementor-col-100 elementor-top-column elementor-element elementor-element-1a5e620\" data-id=\"1a5e620\" data-element_type=\"column\">\n\t\t\t<div class=\"elementor-widget-wrap elementor-element-populated\">\n\t\t\t\t\t\t<div class=\"elementor-element elementor-element-f1b595c elementor-widget elementor-widget-heading\" data-id=\"f1b595c\" data-element_type=\"widget\" data-widget_type=\"heading.default\">\n\t\t\t\t<div class=\"elementor-widget-container\">\n\t\t\t\t\t<h2 class=\"elementor-heading-title elementor-size-default\">Possibility to buy half board or full board:<\/h2>\t\t\t\t<\/div>\n\t\t\t\t<\/div>\n\t\t<div class=\"elementor-element elementor-element-7cdfc32 e-flex e-con-boxed e-con e-parent\" data-id=\"7cdfc32\" data-element_type=\"container\">\n\t\t\t\t\t<div class=\"e-con-inner\">\n\t\t\t\t<div class=\"elementor-element elementor-element-3939e76 elementor-widget__width-inherit elementor-widget elementor-widget-text-editor\" data-id=\"3939e76\" data-element_type=\"widget\" data-widget_type=\"text-editor.default\">\n\t\t\t\t<div class=\"elementor-widget-container\">\n\t\t\t\t\t\t\t\t\t<p>\n<table id=\"tablepress-2\" class=\"tablepress tablepress-id-2\">\n<thead>\n<tr class=\"row-1\">\n\t<th class=\"column-1\">2026<\/th><th class=\"column-2\">Buffet breakfast<\/th><th class=\"column-3\">Ob\u011bd v\u00fdb\u011brem ze 3 MENU<\/th><th class=\"column-4\">Dinner buffet<\/th>\n<\/tr>\n<\/thead>\n<tbody class=\"row-striping row-hover\">\n<tr class=\"row-2\">\n\t<td class=\"column-1\">Adult person<\/td><td class=\"column-2\">300 CZK<\/td><td class=\"column-3\">350 CZK<\/td><td class=\"column-4\">550 CZK<\/td>\n<\/tr>\n<tr class=\"row-3\">\n\t<td class=\"column-1\">Child (3-12 years)<\/td><td class=\"column-2\">275 K\u010d<\/td><td class=\"column-3\">275 K\u010d<\/td><td class=\"column-4\">450 CZK<\/td>\n<\/tr>\n<\/tbody>\n<\/table>\n<!-- #tablepress-2 from cache --><\/p>\t\t\t\t\t\t\t\t<\/div>\n\t\t\t\t<\/div>\n\t\t\t\t\t<\/div>\n\t\t\t\t<\/div>\n\t\t\t\t\t<\/div>\n\t\t<\/div>\n\t\t\t\t\t<\/div>\n\t\t<\/section>\n\t\t\t\t<section class=\"elementor-section elementor-top-section elementor-element elementor-element-a7989b1 elementor-section-boxed elementor-section-height-default elementor-section-height-default\" data-id=\"a7989b1\" data-element_type=\"section\">\n\t\t\t\t\t\t<div class=\"elementor-container elementor-column-gap-default\">\n\t\t\t\t\t<div class=\"elementor-column elementor-col-100 elementor-top-column elementor-element elementor-element-3c63898\" data-id=\"3c63898\" data-element_type=\"column\">\n\t\t\t<div class=\"elementor-widget-wrap elementor-element-populated\">\n\t\t\t\t\t\t<div class=\"elementor-element elementor-element-93df441 elementor-widget elementor-widget-heading\" data-id=\"93df441\" data-element_type=\"widget\" data-widget_type=\"heading.default\">\n\t\t\t\t<div class=\"elementor-widget-container\">\n\t\t\t\t\t<h2 class=\"elementor-heading-title elementor-size-default\">Surcharges<\/h2>\t\t\t\t<\/div>\n\t\t\t\t<\/div>\n\t\t<div class=\"elementor-element elementor-element-b119fc3 e-flex e-con-boxed e-con e-parent\" data-id=\"b119fc3\" data-element_type=\"container\">\n\t\t\t\t\t<div class=\"e-con-inner\">\n\t\t\t\t<div class=\"elementor-element elementor-element-812a334 elementor-widget__width-initial elementor-widget-mobile__width-inherit elementor-widget elementor-widget-text-editor\" data-id=\"812a334\" data-element_type=\"widget\" data-widget_type=\"text-editor.default\">\n\t\t\t\t<div class=\"elementor-widget-container\">\n\t\t\t\t\t\t\t\t\t<ul><li>Fee of 40 CZK \/person\/night, charged on the basis of the township ordinance,<\/li><li>is not included in the room rate, valid for persons over 18 years of age. The fee is payable locally.<\/li><li>Extra charge for single room 750,-CZK\/night.<\/li><li>Extra charge for extra bed 750,-CZK\/night.<\/li><li>Extra charge for baby cot 200,-CZK\/night.<\/li><li><strong>Poplatek za mal\u00e9ho psa (do 40 cm v\u00a0kohoutku a 10 kg) \u2013 500,-K\u010d\/den\u00a0<\/strong><ul><li><strong>nutn\u00e9 nahl\u00e1sit p\u0159edem a dodr\u017eet velikost psa &#8211; v\u00a0opa\u010dn\u00e9m p\u0159\u00edpad\u011b nemus\u00ed b\u00fdt host ubytov\u00e1n, bez n\u00e1hrady <\/strong><\/li><li><strong>vyhrazen\u00e9 pokoje pro pobyt se zv\u00ed\u0159aty, specifick\u00fd odborn\u00fd \u00faklid \u2013 \u0159\u00edd\u00ed se \u0159\u00e1dem pro ubytov\u00e1n\u00ed se psy\u00a0<\/strong><\/li><li><strong>UBYTOVAN\u00cd S\u00a0V\u011aT\u0160\u00cdMI PSY NAD V\u00dd\u0160E UVEDEN\u00c9 PARAMETRY NEN\u00cd MO\u017dN\u00c9!<\/strong><\/li><\/ul><\/li><\/ul>\t\t\t\t\t\t\t\t<\/div>\n\t\t\t\t<\/div>\n\t\t\t\t<div class=\"elementor-element elementor-element-fd9a7d9 elementor-widget__width-initial elementor-widget-mobile__width-inherit elementor-widget elementor-widget-text-editor\" data-id=\"fd9a7d9\" data-element_type=\"widget\" data-widget_type=\"text-editor.default\">\n\t\t\t\t<div class=\"elementor-widget-container\">\n\t\t\t\t\t\t\t\t\t<ul><li>P\u0159\u00edplatek za pokoj EXECUTIVE v p\u0159\u00edpad\u011b jednol\u016f\u017ekov\u00e9ho pokoje &#8211; 750,-K\u010d\/noc<\/li><li>Extra charge for gluten-free meals - must be reported in advance - 100,-CZK\/day<\/li><li>Extra charge for lactose-free meals - must be reported in advance - 150,-CZK\/day (the charge is only paid in case of requests for milk, butter and other lactose-free products - in case the guest chooses suitable products from our offer or brings his\/her own - the charge is not paid)<\/li><\/ul>\t\t\t\t\t\t\t\t<\/div>\n\t\t\t\t<\/div>\n\t\t\t\t\t<\/div>\n\t\t\t\t<\/div>\n\t\t\t\t<div class=\"elementor-element elementor-element-fcaf210 elementor-widget elementor-widget-heading\" data-id=\"fcaf210\" data-element_type=\"widget\" data-widget_type=\"heading.default\">\n\t\t\t\t<div class=\"elementor-widget-container\">\n\t\t\t\t\t<h2 class=\"elementor-heading-title elementor-size-default\">Cancellation fees:<\/h2>\t\t\t\t<\/div>\n\t\t\t\t<\/div>\n\t\t<div class=\"elementor-element elementor-element-62834cc e-flex e-con-boxed e-con e-parent\" data-id=\"62834cc\" data-element_type=\"container\">\n\t\t\t\t\t<div class=\"e-con-inner\">\n\t\t\t\t<div class=\"elementor-element elementor-element-abfaf86 elementor-widget__width-initial elementor-widget-mobile__width-inherit elementor-widget elementor-widget-text-editor\" data-id=\"abfaf86\" data-element_type=\"widget\" data-widget_type=\"text-editor.default\">\n\t\t\t\t<div class=\"elementor-widget-container\">\n\t\t\t\t\t\t\t\t\t<p>If cancelled 21 to 13 days before the start of the stay 30 % of the price<\/p><p>For cancellation 12 to 6 days before the start of the stay 50 % of the price<\/p>\t\t\t\t\t\t\t\t<\/div>\n\t\t\t\t<\/div>\n\t\t\t\t<div class=\"elementor-element elementor-element-25ab0bd elementor-widget__width-initial elementor-widget-mobile__width-inherit elementor-widget elementor-widget-text-editor\" data-id=\"25ab0bd\" data-element_type=\"widget\" data-widget_type=\"text-editor.default\">\n\t\t\t\t<div class=\"elementor-widget-container\">\n\t\t\t\t\t\t\t\t\t<p>Cancellation 5 to 2 days before the start of the stay 80 % of the price<\/p><p>Cancellation the day before arrival or on the day of arrival 100 % of the price<\/p>\t\t\t\t\t\t\t\t<\/div>\n\t\t\t\t<\/div>\n\t\t\t\t\t<\/div>\n\t\t\t\t<\/div>\n\t\t\t\t\t<\/div>\n\t\t<\/div>\n\t\t\t\t\t<\/div>\n\t\t<\/section>\n\t\t\t\t<\/div>","protected":false},"excerpt":{"rendered":"<p>PULTOV\u00dd CEN\u00cdK Hotel si vyhrazuje pr\u00e1vo na ur\u010den\u00ed d\u00e9lky pobytu \u010di typu bal\u00ed\u010dku v sez\u00f3nn\u00edch p\u0159\u00edpadech (st. sv\u00e1tky, Velikonoce, V\u00e1noce, v\u00edkendy) \u00a0\u00a02026 Velikonoce 2.4. \u2013 6.4.2026 \u2013 v\u00a0prodeji pouze speci\u00e1ln\u00ed Velikono\u010dn\u00ed pobyt Term\u00edn 30.4. \u2013 3. 5. 2026 v\u00a0prodeji pobyty minim\u00e1ln\u011b na 3 noci Term\u00edn 7. 5. \u2013 10. 5. 2026 \u00a0v\u00a0prodeji pobyty minim\u00e1ln\u011b na [&hellip;]<\/p>","protected":false},"author":1,"featured_media":0,"parent":0,"menu_order":0,"comment_status":"closed","ping_status":"closed","template":"","meta":{"_acf_changed":false,"footnotes":""},"class_list":["post-5722","page","type-page","status-publish","hentry"],"acf":[],"yoast_head":"<!-- This site is optimized with the Yoast SEO plugin v25.3 - https:\/\/yoast.com\/wordpress\/plugins\/seo\/ -->\n<title>Pultov\u00fd cen\u00edk - Hotel Vega<\/title>\n<meta name=\"robots\" content=\"index, follow, max-snippet:-1, max-image-preview:large, max-video-preview:-1\" \/>\n<link rel=\"canonical\" href=\"https:\/\/hotelvega.cz\/en\/pultovy-cenik\/\" \/>\n<meta property=\"og:locale\" content=\"en_GB\" \/>\n<meta property=\"og:type\" content=\"article\" \/>\n<meta property=\"og:title\" content=\"Pultov\u00fd cen\u00edk - Hotel Vega\" \/>\n<meta property=\"og:description\" content=\"PULTOV\u00dd CEN\u00cdK Hotel si vyhrazuje pr\u00e1vo na ur\u010den\u00ed d\u00e9lky pobytu \u010di typu bal\u00ed\u010dku v sez\u00f3nn\u00edch p\u0159\u00edpadech (st. sv\u00e1tky, Velikonoce, V\u00e1noce, v\u00edkendy) \u00a0\u00a02026 Velikonoce 2.4. \u2013 6.4.2026 \u2013 v\u00a0prodeji pouze speci\u00e1ln\u00ed Velikono\u010dn\u00ed pobyt Term\u00edn 30.4. \u2013 3. 5. 2026 v\u00a0prodeji pobyty minim\u00e1ln\u011b na 3 noci Term\u00edn 7. 5. \u2013 10. 5. 2026 \u00a0v\u00a0prodeji pobyty minim\u00e1ln\u011b na [&hellip;]\" \/>\n<meta property=\"og:url\" content=\"https:\/\/hotelvega.cz\/en\/pultovy-cenik\/\" \/>\n<meta property=\"og:site_name\" content=\"Hotel Vega\" \/>\n<meta property=\"article:modified_time\" content=\"2026-01-21T09:03:03+00:00\" \/>\n<meta name=\"twitter:card\" content=\"summary_large_image\" \/>\n<meta name=\"twitter:label1\" content=\"Estimated reading time\" \/>\n\t<meta name=\"twitter:data1\" content=\"4 minutes\" \/>\n<script type=\"application\/ld+json\" class=\"yoast-schema-graph\">{\"@context\":\"https:\/\/schema.org\",\"@graph\":[{\"@type\":\"WebPage\",\"@id\":\"https:\/\/hotelvega.cz\/pultovy-cenik\/\",\"url\":\"https:\/\/hotelvega.cz\/pultovy-cenik\/\",\"name\":\"Pultov\u00fd cen\u00edk - Hotel Vega\",\"isPartOf\":{\"@id\":\"https:\/\/hotelvega.cz\/#website\"},\"datePublished\":\"2024-08-13T09:13:43+00:00\",\"dateModified\":\"2026-01-21T09:03:03+00:00\",\"breadcrumb\":{\"@id\":\"https:\/\/hotelvega.cz\/pultovy-cenik\/#breadcrumb\"},\"inLanguage\":\"en-GB\",\"potentialAction\":[{\"@type\":\"ReadAction\",\"target\":[\"https:\/\/hotelvega.cz\/pultovy-cenik\/\"]}]},{\"@type\":\"BreadcrumbList\",\"@id\":\"https:\/\/hotelvega.cz\/pultovy-cenik\/#breadcrumb\",\"itemListElement\":[{\"@type\":\"ListItem\",\"position\":1,\"name\":\"Dom\u016f\",\"item\":\"https:\/\/hotelvega.cz\/\"},{\"@type\":\"ListItem\",\"position\":2,\"name\":\"Pultov\u00fd cen\u00edk\"}]},{\"@type\":\"WebSite\",\"@id\":\"https:\/\/hotelvega.cz\/#website\",\"url\":\"https:\/\/hotelvega.cz\/\",\"name\":\"Hotel Vega\",\"description\":\"Hotel Vega Luha\u010dovice\",\"potentialAction\":[{\"@type\":\"SearchAction\",\"target\":{\"@type\":\"EntryPoint\",\"urlTemplate\":\"https:\/\/hotelvega.cz\/?s={search_term_string}\"},\"query-input\":{\"@type\":\"PropertyValueSpecification\",\"valueRequired\":true,\"valueName\":\"search_term_string\"}}],\"inLanguage\":\"en-GB\"}]}<\/script>\n<!-- \/ Yoast SEO plugin. -->","yoast_head_json":{"title":"Pultov\u00fd cen\u00edk - Hotel Vega","robots":{"index":"index","follow":"follow","max-snippet":"max-snippet:-1","max-image-preview":"max-image-preview:large","max-video-preview":"max-video-preview:-1"},"canonical":"https:\/\/hotelvega.cz\/en\/pultovy-cenik\/","og_locale":"en_GB","og_type":"article","og_title":"Pultov\u00fd cen\u00edk - Hotel Vega","og_description":"PULTOV\u00dd CEN\u00cdK Hotel si vyhrazuje pr\u00e1vo na ur\u010den\u00ed d\u00e9lky pobytu \u010di typu bal\u00ed\u010dku v sez\u00f3nn\u00edch p\u0159\u00edpadech (st. sv\u00e1tky, Velikonoce, V\u00e1noce, v\u00edkendy) \u00a0\u00a02026 Velikonoce 2.4. \u2013 6.4.2026 \u2013 v\u00a0prodeji pouze speci\u00e1ln\u00ed Velikono\u010dn\u00ed pobyt Term\u00edn 30.4. \u2013 3. 5. 2026 v\u00a0prodeji pobyty minim\u00e1ln\u011b na 3 noci Term\u00edn 7. 5. \u2013 10. 5. 2026 \u00a0v\u00a0prodeji pobyty minim\u00e1ln\u011b na [&hellip;]","og_url":"https:\/\/hotelvega.cz\/en\/pultovy-cenik\/","og_site_name":"Hotel Vega","article_modified_time":"2026-01-21T09:03:03+00:00","twitter_card":"summary_large_image","twitter_misc":{"Estimated reading time":"4 minutes"},"schema":{"@context":"https:\/\/schema.org","@graph":[{"@type":"WebPage","@id":"https:\/\/hotelvega.cz\/pultovy-cenik\/","url":"https:\/\/hotelvega.cz\/pultovy-cenik\/","name":"Pultov\u00fd cen\u00edk - Hotel Vega","isPartOf":{"@id":"https:\/\/hotelvega.cz\/#website"},"datePublished":"2024-08-13T09:13:43+00:00","dateModified":"2026-01-21T09:03:03+00:00","breadcrumb":{"@id":"https:\/\/hotelvega.cz\/pultovy-cenik\/#breadcrumb"},"inLanguage":"en-GB","potentialAction":[{"@type":"ReadAction","target":["https:\/\/hotelvega.cz\/pultovy-cenik\/"]}]},{"@type":"BreadcrumbList","@id":"https:\/\/hotelvega.cz\/pultovy-cenik\/#breadcrumb","itemListElement":[{"@type":"ListItem","position":1,"name":"Dom\u016f","item":"https:\/\/hotelvega.cz\/"},{"@type":"ListItem","position":2,"name":"Pultov\u00fd cen\u00edk"}]},{"@type":"WebSite","@id":"https:\/\/hotelvega.cz\/#website","url":"https:\/\/hotelvega.cz\/","name":"Hotel Vega","description":"Hotel Vega Luha\u010dovice","potentialAction":[{"@type":"SearchAction","target":{"@type":"EntryPoint","urlTemplate":"https:\/\/hotelvega.cz\/?s={search_term_string}"},"query-input":{"@type":"PropertyValueSpecification","valueRequired":true,"valueName":"search_term_string"}}],"inLanguage":"en-GB"}]}},"_links":{"self":[{"href":"https:\/\/hotelvega.cz\/en\/wp-json\/wp\/v2\/pages\/5722","targetHints":{"allow":["GET"]}}],"collection":[{"href":"https:\/\/hotelvega.cz\/en\/wp-json\/wp\/v2\/pages"}],"about":[{"href":"https:\/\/hotelvega.cz\/en\/wp-json\/wp\/v2\/types\/page"}],"author":[{"embeddable":true,"href":"https:\/\/hotelvega.cz\/en\/wp-json\/wp\/v2\/users\/1"}],"replies":[{"embeddable":true,"href":"https:\/\/hotelvega.cz\/en\/wp-json\/wp\/v2\/comments?post=5722"}],"version-history":[{"count":58,"href":"https:\/\/hotelvega.cz\/en\/wp-json\/wp\/v2\/pages\/5722\/revisions"}],"predecessor-version":[{"id":9517,"href":"https:\/\/hotelvega.cz\/en\/wp-json\/wp\/v2\/pages\/5722\/revisions\/9517"}],"wp:attachment":[{"href":"https:\/\/hotelvega.cz\/en\/wp-json\/wp\/v2\/media?parent=5722"}],"curies":[{"name":"wp","href":"https:\/\/api.w.org\/{rel}","templated":true}]}}