{"id":5131,"date":"2024-07-12T14:59:41","date_gmt":"2024-07-12T12:59:41","guid":{"rendered":"https:\/\/hotelvega.cz\/?page_id=5131"},"modified":"2026-01-21T06:44:37","modified_gmt":"2026-01-21T05:44:37","slug":"pravidla-pro-ubytovani-se-zviraty","status":"publish","type":"page","link":"https:\/\/hotelvega.cz\/en\/pravidla-pro-ubytovani-se-zviraty\/","title":{"rendered":"Rules for accommodation with pets"},"content":{"rendered":"<h2 class=\"wp-block-heading\">Rules for accommodation with dogs, cats and other pets<\/h2>\n\n\n\n<p>Hotel VEGA, s.r.o.<br>Pozlovice No. 99<br>763 26 Luha\u010dovice<\/p>\n\n\n\n<p>ID: 64509761&nbsp;<\/p>\n\n\n\n<p>DIC: CZ64509761<\/p>\n\n\n\n<ul class=\"wp-block-list\">\n<li>Psi a jin\u00e1 dom\u00e1c\u00ed zv\u00ed\u0159ata mohou sd\u00edlet pokoj nebo chatu pouze po p\u0159edchoz\u00ed objedn\u00e1vce, kter\u00e1 byla potvrzena rezerva\u010dn\u00edm odd\u011blen\u00edm hotelu. \u010c\u00e1stka za ubytov\u00e1n\u00ed s&nbsp;dom\u00e1c\u00edm mazl\u00ed\u010dkem je stanovena na 500,-\/zv\u00ed\u0159e\/noc.<\/li>\n\n\n\n<li>Velikost psa \u010di jin\u00e9ho zv\u00ed\u0159ete je maxim\u00e1ln\u011b do 40 cm v kohoutku a 10 kg.<br>\n<ul class=\"wp-block-list\">\n<li>Je <code>nutn\u00e9 nahl\u00e1sit p\u0159edem a dodr\u017eet velikost psa \u2013 v opa\u010dn\u00e9m p\u0159\u00edpad\u011b nemus\u00ed b\u00fdt host ubytov\u00e1n, bez n\u00e1hrady vyhrazen\u00e9 pokoje pro pobyt se zv\u00ed\u0159aty, specifick\u00fd odborn\u00fd \u00faklid.<\/code><\/li>\n<\/ul>\n<\/li>\n\n\n\n<li>V&nbsp;p\u0159\u00edpad\u011b, \u017ee pes \u010di dom\u00e1c\u00ed zv\u00ed\u0159e nen\u00ed nahl\u00e1\u0161eno p\u0159i rezervaci a nen\u00ed voln\u00e1 kapacita ubytov\u00e1n\u00ed vymezen\u00e1 pro pobyt se zv\u00ed\u0159etem. Host nebude ubytov\u00e1n. A je povinen uhradit \u010d\u00e1stku za pobyt v&nbsp;pln\u00e9 v\u00fd\u0161i bez n\u00e1hrady.<\/li>\n\n\n\n<li>P\u0159i zji\u0161t\u011bn\u00ed nenahl\u00e1\u0161en\u00e9ho dom\u00e1c\u00edho zv\u00ed\u0159ete, bude pobyt bez odkladu ukon\u010den a host je povinen uhradit \u010d\u00e1stku za pobyt v&nbsp;pln\u00e9 v\u00fd\u0161i.<\/li>\n\n\n\n<li>Pets must be demonstrably healthy and have the appropriate vaccination cards, chips and certificates required by legislation.<\/li>\n\n\n\n<li>Accommodation with dogs and other pets is only possible in selected cottages and rooms, which are limited in capacity.<\/li>\n\n\n\n<li>In these cases, the guest acknowledges that the maintenance and cleaning of the above room types are time consuming and in the event of damage or excessive soiling of these rooms or their furnishings resulting in the inability to accommodate the next guest, any extra costs incurred will be charged in addition to the penalties listed below.<\/li>\n<\/ul>\n\n\n\n<ul class=\"wp-block-list\">\n<li>V&nbsp;p\u0159\u00edpad\u011b, \u017ee pes \u010di dom\u00e1c\u00ed zv\u00ed\u0159e nen\u00ed nahl\u00e1\u0161eno p\u0159i rezervaci a nen\u00ed voln\u00e1 kapacita ubytov\u00e1n\u00ed vymezen\u00e1 pro pobyt se zv\u00ed\u0159etem. Host nebude ubytov\u00e1n. A je povinen uhradit \u010d\u00e1stku za pobyt v&nbsp;pln\u00e9 v\u00fd\u0161i bez n\u00e1hrady.<\/li>\n\n\n\n<li>Je zak\u00e1z\u00e1no ponech\u00e1vat zv\u00ed\u0159e bez dohledu na pokoji\/chat\u011b\/v are\u00e1lu v&nbsp;p\u0159\u00edpad\u011b mo\u017en\u00e9ho ru\u0161en\u00ed ostatn\u00edch host\u016f \u010di riziku vzniku \u0161kody na majetku, \u010di poran\u011bn\u00ed jin\u00fdch osob. V&nbsp;p\u0159\u00edpad\u011b probl\u00e9m\u016f je majitel zv\u00ed\u0159ete povinen uhradit vzniklou \u0161kodu a p\u0159eb\u00edr\u00e1 plnou zodpov\u011bdnost za chov\u00e1n\u00ed zv\u00ed\u0159ete.<\/li>\n\n\n\n<li>Dogs and other animals are not allowed in the wellness center, swimming pool, restaurant, playgrounds, volleyball court, tennis court and in rooms or apartment cottages not specifically mentioned in these rules.<\/li>\n\n\n\n<li>The owner of the animal is fully responsible for the animal.<\/li>\n\n\n\n<li>All dogs must be kept on a leash in all public areas of the hotel and in the outdoor area.<\/li>\n\n\n\n<li>Guests are obliged to clean up after their dogs in the vicinity of the hotel.<\/li>\n\n\n\n<li>Host\u00e9 jsou povinni zajistit, aby pes nikterak neobt\u011b\u017eoval ostatn\u00ed hotelov\u00e9 hosty, nap\u0159. sv\u00fdm \u0161t\u011bk\u00e1n\u00edm. V&nbsp;p\u0159\u00edpad\u011b, \u017ee pes \u010di jin\u00e9 zv\u00ed\u0159e prokazateln\u011b a ve vysok\u00e9 m\u00ed\u0159e ru\u0161\u00ed ostatn\u00ed ubytovan\u00e9 hosty, je mo\u017en\u00e9 pobyt bez n\u00e1hrady ukon\u010dit ze strany hotelu.<\/li>\n\n\n\n<li>V p\u0159\u00edpad\u011b jak\u00e9hokoliv po\u0161kozen\u00ed hotelov\u00e9ho za\u0159\u00edzen\u00ed zv\u00ed\u0159etem je klient povinen zaplatit \u0161kodu v&nbsp;pln\u00e9 v\u00fd\u0161i.<\/li>\n\n\n\n<li>Cleaning and inspection of the room where the guest is staying with the animal must be possible in such a way as to avoid endangering the staff or other guests of the hotel. Inspection must be allowed at least once a day to detect any damage or excessive soiling.<\/li>\n\n\n\n<li>Dog walking is allowed outside the hotel premises.<\/li>\n<\/ul>\n\n\n\n<p>For the above violations and in the event that the animal harasses hotel guests or destroys hotel facilities and equipment, the stay may be terminated without refund and the guest is obliged to pay the full amount of the stay.<\/p>\n\n\n\n<p>Tato pravidla pro ubytov\u00e1n\u00ed s dom\u00e1c\u00edmi mazl\u00ed\u010dky jsou platn\u00e1 od 1. 1. 2025<\/p>","protected":false},"excerpt":{"rendered":"<p>Pravidla pro ubytov\u00e1n\u00ed se psy, ko\u010dkami a jin\u00fdmi dom\u00e1c\u00edmi zv\u00ed\u0159aty Hotel VEGA, s.r.o.Pozlovice \u010d. 99763 26 Luha\u010dovice I\u010cO: 64509761&nbsp; DI\u010c: CZ64509761 Za v\u00fd\u0161e uveden\u00e9 poru\u0161en\u00ed pravidel a v p\u0159\u00edpad\u011b, \u017ee zv\u00ed\u0159e bude obt\u011b\u017eovat hotelov\u00e9 hosty, p\u0159\u00edpadn\u011b ni\u010dit za\u0159\u00edzen\u00ed a vybaven\u00ed hotelu, m\u016f\u017ee b\u00fdt pobyt bez n\u00e1hrady ukon\u010den a host je povinen uhradit \u010d\u00e1stku za pobyt [&hellip;]<\/p>","protected":false},"author":1,"featured_media":0,"parent":0,"menu_order":0,"comment_status":"closed","ping_status":"closed","template":"","meta":{"_acf_changed":false,"footnotes":""},"class_list":["post-5131","page","type-page","status-publish","hentry"],"acf":[],"yoast_head":"<!-- This site is optimized with the Yoast SEO plugin v25.3 - https:\/\/yoast.com\/wordpress\/plugins\/seo\/ -->\n<title>Pravidla pro ubytov\u00e1n\u00ed se zv\u00ed\u0159aty - Hotel Vega<\/title>\n<meta name=\"robots\" content=\"index, follow, max-snippet:-1, max-image-preview:large, max-video-preview:-1\" \/>\n<link rel=\"canonical\" href=\"https:\/\/hotelvega.cz\/en\/pravidla-pro-ubytovani-se-zviraty\/\" \/>\n<meta property=\"og:locale\" content=\"en_GB\" \/>\n<meta property=\"og:type\" content=\"article\" \/>\n<meta property=\"og:title\" content=\"Pravidla pro ubytov\u00e1n\u00ed se zv\u00ed\u0159aty - Hotel Vega\" \/>\n<meta property=\"og:description\" content=\"Pravidla pro ubytov\u00e1n\u00ed se psy, ko\u010dkami a jin\u00fdmi dom\u00e1c\u00edmi zv\u00ed\u0159aty Hotel VEGA, s.r.o.Pozlovice \u010d. 99763 26 Luha\u010dovice I\u010cO: 64509761&nbsp; DI\u010c: CZ64509761 Za v\u00fd\u0161e uveden\u00e9 poru\u0161en\u00ed pravidel a v p\u0159\u00edpad\u011b, \u017ee zv\u00ed\u0159e bude obt\u011b\u017eovat hotelov\u00e9 hosty, p\u0159\u00edpadn\u011b ni\u010dit za\u0159\u00edzen\u00ed a vybaven\u00ed hotelu, m\u016f\u017ee b\u00fdt pobyt bez n\u00e1hrady ukon\u010den a host je povinen uhradit \u010d\u00e1stku za pobyt [&hellip;]\" \/>\n<meta property=\"og:url\" content=\"https:\/\/hotelvega.cz\/en\/pravidla-pro-ubytovani-se-zviraty\/\" \/>\n<meta property=\"og:site_name\" content=\"Hotel Vega\" \/>\n<meta property=\"article:modified_time\" content=\"2026-01-21T05:44:37+00:00\" \/>\n<meta name=\"twitter:card\" content=\"summary_large_image\" \/>\n<meta name=\"twitter:label1\" content=\"Estimated reading time\" \/>\n\t<meta name=\"twitter:data1\" content=\"3 minutes\" \/>\n<script type=\"application\/ld+json\" class=\"yoast-schema-graph\">{\"@context\":\"https:\/\/schema.org\",\"@graph\":[{\"@type\":\"WebPage\",\"@id\":\"https:\/\/hotelvega.cz\/pravidla-pro-ubytovani-se-zviraty\/\",\"url\":\"https:\/\/hotelvega.cz\/pravidla-pro-ubytovani-se-zviraty\/\",\"name\":\"Pravidla pro ubytov\u00e1n\u00ed se zv\u00ed\u0159aty - Hotel Vega\",\"isPartOf\":{\"@id\":\"https:\/\/hotelvega.cz\/#website\"},\"datePublished\":\"2024-07-12T12:59:41+00:00\",\"dateModified\":\"2026-01-21T05:44:37+00:00\",\"breadcrumb\":{\"@id\":\"https:\/\/hotelvega.cz\/pravidla-pro-ubytovani-se-zviraty\/#breadcrumb\"},\"inLanguage\":\"en-GB\",\"potentialAction\":[{\"@type\":\"ReadAction\",\"target\":[\"https:\/\/hotelvega.cz\/pravidla-pro-ubytovani-se-zviraty\/\"]}]},{\"@type\":\"BreadcrumbList\",\"@id\":\"https:\/\/hotelvega.cz\/pravidla-pro-ubytovani-se-zviraty\/#breadcrumb\",\"itemListElement\":[{\"@type\":\"ListItem\",\"position\":1,\"name\":\"Dom\u016f\",\"item\":\"https:\/\/hotelvega.cz\/\"},{\"@type\":\"ListItem\",\"position\":2,\"name\":\"Pravidla pro ubytov\u00e1n\u00ed se zv\u00ed\u0159aty\"}]},{\"@type\":\"WebSite\",\"@id\":\"https:\/\/hotelvega.cz\/#website\",\"url\":\"https:\/\/hotelvega.cz\/\",\"name\":\"Hotel Vega\",\"description\":\"Hotel Vega Luha\u010dovice\",\"potentialAction\":[{\"@type\":\"SearchAction\",\"target\":{\"@type\":\"EntryPoint\",\"urlTemplate\":\"https:\/\/hotelvega.cz\/?s={search_term_string}\"},\"query-input\":{\"@type\":\"PropertyValueSpecification\",\"valueRequired\":true,\"valueName\":\"search_term_string\"}}],\"inLanguage\":\"en-GB\"}]}<\/script>\n<!-- \/ Yoast SEO plugin. -->","yoast_head_json":{"title":"Pravidla pro ubytov\u00e1n\u00ed se zv\u00ed\u0159aty - Hotel Vega","robots":{"index":"index","follow":"follow","max-snippet":"max-snippet:-1","max-image-preview":"max-image-preview:large","max-video-preview":"max-video-preview:-1"},"canonical":"https:\/\/hotelvega.cz\/en\/pravidla-pro-ubytovani-se-zviraty\/","og_locale":"en_GB","og_type":"article","og_title":"Pravidla pro ubytov\u00e1n\u00ed se zv\u00ed\u0159aty - Hotel Vega","og_description":"Pravidla pro ubytov\u00e1n\u00ed se psy, ko\u010dkami a jin\u00fdmi dom\u00e1c\u00edmi zv\u00ed\u0159aty Hotel VEGA, s.r.o.Pozlovice \u010d. 99763 26 Luha\u010dovice I\u010cO: 64509761&nbsp; DI\u010c: CZ64509761 Za v\u00fd\u0161e uveden\u00e9 poru\u0161en\u00ed pravidel a v p\u0159\u00edpad\u011b, \u017ee zv\u00ed\u0159e bude obt\u011b\u017eovat hotelov\u00e9 hosty, p\u0159\u00edpadn\u011b ni\u010dit za\u0159\u00edzen\u00ed a vybaven\u00ed hotelu, m\u016f\u017ee b\u00fdt pobyt bez n\u00e1hrady ukon\u010den a host je povinen uhradit \u010d\u00e1stku za pobyt [&hellip;]","og_url":"https:\/\/hotelvega.cz\/en\/pravidla-pro-ubytovani-se-zviraty\/","og_site_name":"Hotel Vega","article_modified_time":"2026-01-21T05:44:37+00:00","twitter_card":"summary_large_image","twitter_misc":{"Estimated reading time":"3 minutes"},"schema":{"@context":"https:\/\/schema.org","@graph":[{"@type":"WebPage","@id":"https:\/\/hotelvega.cz\/pravidla-pro-ubytovani-se-zviraty\/","url":"https:\/\/hotelvega.cz\/pravidla-pro-ubytovani-se-zviraty\/","name":"Pravidla pro ubytov\u00e1n\u00ed se zv\u00ed\u0159aty - Hotel Vega","isPartOf":{"@id":"https:\/\/hotelvega.cz\/#website"},"datePublished":"2024-07-12T12:59:41+00:00","dateModified":"2026-01-21T05:44:37+00:00","breadcrumb":{"@id":"https:\/\/hotelvega.cz\/pravidla-pro-ubytovani-se-zviraty\/#breadcrumb"},"inLanguage":"en-GB","potentialAction":[{"@type":"ReadAction","target":["https:\/\/hotelvega.cz\/pravidla-pro-ubytovani-se-zviraty\/"]}]},{"@type":"BreadcrumbList","@id":"https:\/\/hotelvega.cz\/pravidla-pro-ubytovani-se-zviraty\/#breadcrumb","itemListElement":[{"@type":"ListItem","position":1,"name":"Dom\u016f","item":"https:\/\/hotelvega.cz\/"},{"@type":"ListItem","position":2,"name":"Pravidla pro ubytov\u00e1n\u00ed se zv\u00ed\u0159aty"}]},{"@type":"WebSite","@id":"https:\/\/hotelvega.cz\/#website","url":"https:\/\/hotelvega.cz\/","name":"Hotel Vega","description":"Hotel Vega Luha\u010dovice","potentialAction":[{"@type":"SearchAction","target":{"@type":"EntryPoint","urlTemplate":"https:\/\/hotelvega.cz\/?s={search_term_string}"},"query-input":{"@type":"PropertyValueSpecification","valueRequired":true,"valueName":"search_term_string"}}],"inLanguage":"en-GB"}]}},"_links":{"self":[{"href":"https:\/\/hotelvega.cz\/en\/wp-json\/wp\/v2\/pages\/5131","targetHints":{"allow":["GET"]}}],"collection":[{"href":"https:\/\/hotelvega.cz\/en\/wp-json\/wp\/v2\/pages"}],"about":[{"href":"https:\/\/hotelvega.cz\/en\/wp-json\/wp\/v2\/types\/page"}],"author":[{"embeddable":true,"href":"https:\/\/hotelvega.cz\/en\/wp-json\/wp\/v2\/users\/1"}],"replies":[{"embeddable":true,"href":"https:\/\/hotelvega.cz\/en\/wp-json\/wp\/v2\/comments?post=5131"}],"version-history":[{"count":7,"href":"https:\/\/hotelvega.cz\/en\/wp-json\/wp\/v2\/pages\/5131\/revisions"}],"predecessor-version":[{"id":9453,"href":"https:\/\/hotelvega.cz\/en\/wp-json\/wp\/v2\/pages\/5131\/revisions\/9453"}],"wp:attachment":[{"href":"https:\/\/hotelvega.cz\/en\/wp-json\/wp\/v2\/media?parent=5131"}],"curies":[{"name":"wp","href":"https:\/\/api.w.org\/{rel}","templated":true}]}}