{"id":40,"date":"2022-04-20T14:01:15","date_gmt":"2022-04-20T14:01:15","guid":{"rendered":"https:\/\/demo.himaratheme.com\/?page_id=40"},"modified":"2024-11-26T09:46:58","modified_gmt":"2024-11-26T08:46:58","slug":"hotel","status":"publish","type":"page","link":"https:\/\/hotelvega.cz\/en\/hotel\/","title":{"rendered":"Hotel"},"content":{"rendered":"<div data-elementor-type=\"wp-page\" data-elementor-id=\"40\" class=\"elementor elementor-40\">\n\t\t\t\t\t\t<section class=\"elementor-section elementor-top-section elementor-element elementor-element-3f8ae1a elementor-section-boxed elementor-section-height-default elementor-section-height-default\" data-id=\"3f8ae1a\" data-element_type=\"section\">\n\t\t\t\t\t\t<div class=\"elementor-container elementor-column-gap-default\">\n\t\t\t\t\t<div class=\"elementor-column elementor-col-50 elementor-top-column elementor-element elementor-element-306b476\" data-id=\"306b476\" data-element_type=\"column\">\n\t\t\t<div class=\"elementor-widget-wrap elementor-element-populated\">\n\t\t\t\t\t\t<div class=\"elementor-element elementor-element-87ba991 elementor-widget elementor-widget-heading\" data-id=\"87ba991\" data-element_type=\"widget\" data-widget_type=\"heading.default\">\n\t\t\t\t<div class=\"elementor-widget-container\">\n\t\t\t\t\t<h2 class=\"elementor-heading-title elementor-size-default\">About Hotel VEGA<\/h2>\t\t\t\t<\/div>\n\t\t\t\t<\/div>\n\t\t\t\t<div class=\"elementor-element elementor-element-8f88f20 elementor-widget elementor-widget-text-editor\" data-id=\"8f88f20\" data-element_type=\"widget\" data-widget_type=\"text-editor.default\">\n\t\t\t\t<div class=\"elementor-widget-container\">\n\t\t\t\t\t\t\t\t\t<p>The hotel complex is located in the heart of nature on the slopes below Komonec and offers a unique and different view of Luha\u010dovice. Amazing views, uninterrupted by the surrounding buildings, offer a view of the Luha\u010dovice dam and the surrounding wooded hills. Its location makes it an ideal place for holidays with children, romantic stays, weekend stays, stays for individuals, senior stays and more. Hotel Vega is perfect for anyone who expects quality hotel services in one place in a peaceful environment. Hotel Vega is a unique place that will change your view of Luha\u010dovice.<\/p><p>Thanks to many years of experience, Hotel Vega is also an ideal place for teambuilding, corporate training and other events.<\/p>\t\t\t\t\t\t\t\t<\/div>\n\t\t\t\t<\/div>\n\t\t\t\t\t<\/div>\n\t\t<\/div>\n\t\t\t\t<div class=\"elementor-column elementor-col-50 elementor-top-column elementor-element elementor-element-8343380\" data-id=\"8343380\" data-element_type=\"column\">\n\t\t\t<div class=\"elementor-widget-wrap elementor-element-populated\">\n\t\t\t\t\t\t<div class=\"elementor-element elementor-element-11a3e37 elementor-widget__width-inherit hotel-karta-o-nas elementor-widget elementor-widget-eth_brand\" data-id=\"11a3e37\" data-element_type=\"widget\" data-widget_type=\"eth_brand.default\">\n\t\t\t\t<div class=\"elementor-widget-container\">\n\t\t\t\t\t\t\t\t\t<div class=\"brand-info\">\n\t\t\t\t\t<div class=\"inner\">\n\t\t\t\t\t\t<div class=\"content\">\n\t\t\t\t\t\t\t<img decoding=\"async\" src=\"http:\/\/hotelvega.cz\/wp-content\/uploads\/2024\/06\/logo-pages-1.png\" width=\"130\" alt=\"HOTEL VEGA\">\n\t\t\t\t\t\t\t<div class=\"stars\"><div><\/div><\/div>\n\t\t\t\t\t\t\t<h5 class=\"title\"> HOTEL VEGA<\/h5>\n\t\t\t\t\t\t\t<div class=\"desc\"> Since 2013, the hotel has been undergoing renovations aimed at saving energy. The project is co-financed by the EU.<\/div>\n\t\t\t\t\t\t<\/div>\n\t\t\t\t\t<\/div>\n\t\t\t\t<\/div>\n\t\t\t\t\t\t\t<\/div>\n\t\t\t\t<\/div>\n\t\t\t\t\t<\/div>\n\t\t<\/div>\n\t\t\t\t\t<\/div>\n\t\t<\/section>\n\t\t\t\t<section class=\"elementor-section elementor-top-section elementor-element elementor-element-6de18c3 elementor-section-boxed elementor-section-height-default elementor-section-height-default\" data-id=\"6de18c3\" data-element_type=\"section\">\n\t\t\t\t\t\t<div class=\"elementor-container elementor-column-gap-default\">\n\t\t\t\t\t<div class=\"elementor-column elementor-col-100 elementor-top-column elementor-element elementor-element-e9000b0\" data-id=\"e9000b0\" data-element_type=\"column\">\n\t\t\t<div class=\"elementor-widget-wrap elementor-element-populated\">\n\t\t\t\t\t\t<div class=\"elementor-element elementor-element-698ad9d elementor-widget elementor-widget-heading\" data-id=\"698ad9d\" data-element_type=\"widget\" data-widget_type=\"heading.default\">\n\t\t\t\t<div class=\"elementor-widget-container\">\n\t\t\t\t\t<h2 class=\"elementor-heading-title elementor-size-default\">How to reach us?<\/h2>\t\t\t\t<\/div>\n\t\t\t\t<\/div>\n\t\t\t\t<section class=\"elementor-section elementor-inner-section elementor-element elementor-element-a3ae85c elementor-section-boxed elementor-section-height-default elementor-section-height-default\" data-id=\"a3ae85c\" data-element_type=\"section\">\n\t\t\t\t\t\t<div class=\"elementor-container elementor-column-gap-no\">\n\t\t\t\t\t<div class=\"elementor-column elementor-col-100 elementor-inner-column elementor-element elementor-element-dbc297d\" data-id=\"dbc297d\" data-element_type=\"column\">\n\t\t\t<div class=\"elementor-widget-wrap elementor-element-populated\">\n\t\t\t\t\t\t<div class=\"elementor-element elementor-element-c860616 elementor-widget elementor-widget-text-editor\" data-id=\"c860616\" data-element_type=\"widget\" data-widget_type=\"text-editor.default\">\n\t\t\t\t<div class=\"elementor-widget-container\">\n\t\t\t\t\t\t\t\t\t<p>Access to the hotel is easy, even in winter. There are grey navigation panels on the driveway from the direction of Luha\u010dovice. The distance from the centre of Luha\u010dovice is less than 4 km, from the centre of Zl\u00edn about 20 km. Hotel Vega has three parking areas. Parking is free for hotel guests with a valid parking card, which can be obtained on arrival at the hotel reception.<\/p><p>The nearest railway station is in Luha\u010dovice (6 km), you can take a bus to Pozlovice (bus stop Pozlovice Horn\u00ed koniec). The nearest international airport is in Vienna (approx. 170 km).<\/p><p>A complimentary shuttle service is available for hotel guests on arrival at the hotel and also on departure - this service must be booked at least 24 hours in advance.<\/p><p>On weekdays, a shuttle service to the centre of Luha\u010dovice and back to the hotel is also available for hotel guests at designated times. This service can be booked directly at the hotel reception<\/p>\t\t\t\t\t\t\t\t<\/div>\n\t\t\t\t<\/div>\n\t\t\t\t<div class=\"elementor-element elementor-element-53b92ef elementor-widget elementor-widget-html\" data-id=\"53b92ef\" data-element_type=\"widget\" data-widget_type=\"html.default\">\n\t\t\t\t<div class=\"elementor-widget-container\">\n\t\t\t\t\t<iframe src=\"https:\/\/www.google.com\/maps\/embed?pb=!1m18!1m12!1m3!1d5220.611619017211!2d17.7814783!3d49.137817899999995!2m3!1f0!2f0!3f0!3m2!1i1024!2i768!4f13.1!3m3!1m2!1s0x471371d3341dd7dd%3A0x5a65dd3cdcd6f955!2sHotel%20Vega%20Luha%C4%8Dovice!5e0!3m2!1scs!2scz!4v1723537877159!5m2!1scs!2scz\" width=\"600\" height=\"350\" style=\"border:0;\" allowfullscreen=\"\" loading=\"lazy\" referrerpolicy=\"no-referrer-when-downgrade\"><\/iframe>\t\t\t\t<\/div>\n\t\t\t\t<\/div>\n\t\t\t\t\t<\/div>\n\t\t<\/div>\n\t\t\t\t\t<\/div>\n\t\t<\/section>\n\t\t\t\t\t<\/div>\n\t\t<\/div>\n\t\t\t\t\t<\/div>\n\t\t<\/section>\n\t\t\t\t<section class=\"elementor-section elementor-top-section elementor-element elementor-element-3b86981 elementor-section-boxed elementor-section-height-default elementor-section-height-default\" data-id=\"3b86981\" data-element_type=\"section\">\n\t\t\t\t\t\t<div class=\"elementor-container elementor-column-gap-default\">\n\t\t\t\t\t<div class=\"elementor-column elementor-col-100 elementor-top-column elementor-element elementor-element-f26a0f1\" data-id=\"f26a0f1\" data-element_type=\"column\">\n\t\t\t<div class=\"elementor-widget-wrap elementor-element-populated\">\n\t\t\t\t\t\t<div class=\"elementor-element elementor-element-e276985 elementor-widget elementor-widget-heading\" data-id=\"e276985\" data-element_type=\"widget\" data-widget_type=\"heading.default\">\n\t\t\t\t<div class=\"elementor-widget-container\">\n\t\t\t\t\t<h2 class=\"elementor-heading-title elementor-size-default\">History of the hotel<\/h2>\t\t\t\t<\/div>\n\t\t\t\t<\/div>\n\t\t\t\t<section class=\"elementor-section elementor-inner-section elementor-element elementor-element-86afc72 elementor-section-boxed elementor-section-height-default elementor-section-height-default\" data-id=\"86afc72\" data-element_type=\"section\">\n\t\t\t\t\t\t<div class=\"elementor-container elementor-column-gap-no\">\n\t\t\t\t\t<div class=\"elementor-column elementor-col-100 elementor-inner-column elementor-element elementor-element-801dabc\" data-id=\"801dabc\" data-element_type=\"column\">\n\t\t\t<div class=\"elementor-widget-wrap elementor-element-populated\">\n\t\t\t\t\t\t<div class=\"elementor-element elementor-element-9e5c233 gallery-spacing-custom elementor-widget elementor-widget-image-gallery\" data-id=\"9e5c233\" data-element_type=\"widget\" data-widget_type=\"image-gallery.default\">\n\t\t\t\t<div class=\"elementor-widget-container\">\n\t\t\t\t\t\t\t<div class=\"elementor-image-gallery\">\n\t\t\t<div id='gallery-1' class='gallery galleryid-40 gallery-columns-4 gallery-size-himara_image_size_600_400'><figure class='gallery-item'>\n\t\t\t<div class='gallery-icon landscape'>\n\t\t\t\t<a data-elementor-open-lightbox=\"yes\" data-elementor-lightbox-slideshow=\"9e5c233\" data-elementor-lightbox-title=\"hotel-vega-historie1\" data-e-action-hash=\"#elementor-action%3Aaction%3Dlightbox%26settings%3DeyJpZCI6NDA0MywidXJsIjoiaHR0cHM6XC9cL2hvdGVsdmVnYS5jelwvd3AtY29udGVudFwvdXBsb2Fkc1wvMjAyNFwvMDZcL2hvdGVsLXZlZ2EtaGlzdG9yaWUxLmpwZyIsInNsaWRlc2hvdyI6IjllNWMyMzMifQ%3D%3D\" href='https:\/\/hotelvega.cz\/wp-content\/uploads\/2024\/06\/hotel-vega-historie1.jpg'><img fetchpriority=\"high\" decoding=\"async\" width=\"600\" height=\"400\" src=\"https:\/\/hotelvega.cz\/wp-content\/uploads\/2024\/06\/hotel-vega-historie1-600x400.jpg\" class=\"attachment-himara_image_size_600_400 size-himara_image_size_600_400\" alt=\"\" srcset=\"https:\/\/hotelvega.cz\/wp-content\/uploads\/2024\/06\/hotel-vega-historie1-600x400.jpg 600w, https:\/\/hotelvega.cz\/wp-content\/uploads\/2024\/06\/hotel-vega-historie1-300x200.jpg 300w, https:\/\/hotelvega.cz\/wp-content\/uploads\/2024\/06\/hotel-vega-historie1-1024x683.jpg 1024w, https:\/\/hotelvega.cz\/wp-content\/uploads\/2024\/06\/hotel-vega-historie1-768x512.jpg 768w, https:\/\/hotelvega.cz\/wp-content\/uploads\/2024\/06\/hotel-vega-historie1-80x53.jpg 80w, https:\/\/hotelvega.cz\/wp-content\/uploads\/2024\/06\/hotel-vega-historie1.jpg 1280w\" sizes=\"(max-width: 600px) 100vw, 600px\" \/><\/a>\n\t\t\t<\/div><\/figure><figure class='gallery-item'>\n\t\t\t<div class='gallery-icon landscape'>\n\t\t\t\t<a data-elementor-open-lightbox=\"yes\" data-elementor-lightbox-slideshow=\"9e5c233\" data-elementor-lightbox-title=\"hotel-vega-historie2\" data-e-action-hash=\"#elementor-action%3Aaction%3Dlightbox%26settings%3DeyJpZCI6NDA0NCwidXJsIjoiaHR0cHM6XC9cL2hvdGVsdmVnYS5jelwvd3AtY29udGVudFwvdXBsb2Fkc1wvMjAyNFwvMDZcL2hvdGVsLXZlZ2EtaGlzdG9yaWUyLmpwZyIsInNsaWRlc2hvdyI6IjllNWMyMzMifQ%3D%3D\" href='https:\/\/hotelvega.cz\/wp-content\/uploads\/2024\/06\/hotel-vega-historie2.jpg'><img decoding=\"async\" width=\"600\" height=\"400\" src=\"https:\/\/hotelvega.cz\/wp-content\/uploads\/2024\/06\/hotel-vega-historie2-600x400.jpg\" class=\"attachment-himara_image_size_600_400 size-himara_image_size_600_400\" alt=\"\" srcset=\"https:\/\/hotelvega.cz\/wp-content\/uploads\/2024\/06\/hotel-vega-historie2-600x400.jpg 600w, https:\/\/hotelvega.cz\/wp-content\/uploads\/2024\/06\/hotel-vega-historie2-300x200.jpg 300w, https:\/\/hotelvega.cz\/wp-content\/uploads\/2024\/06\/hotel-vega-historie2-1024x683.jpg 1024w, https:\/\/hotelvega.cz\/wp-content\/uploads\/2024\/06\/hotel-vega-historie2-768x512.jpg 768w, https:\/\/hotelvega.cz\/wp-content\/uploads\/2024\/06\/hotel-vega-historie2-80x53.jpg 80w, https:\/\/hotelvega.cz\/wp-content\/uploads\/2024\/06\/hotel-vega-historie2.jpg 1280w\" sizes=\"(max-width: 600px) 100vw, 600px\" \/><\/a>\n\t\t\t<\/div><\/figure><figure class='gallery-item'>\n\t\t\t<div class='gallery-icon landscape'>\n\t\t\t\t<a data-elementor-open-lightbox=\"yes\" data-elementor-lightbox-slideshow=\"9e5c233\" data-elementor-lightbox-title=\"hotel-vega-historie4\" data-e-action-hash=\"#elementor-action%3Aaction%3Dlightbox%26settings%3DeyJpZCI6NDA0NiwidXJsIjoiaHR0cHM6XC9cL2hvdGVsdmVnYS5jelwvd3AtY29udGVudFwvdXBsb2Fkc1wvMjAyNFwvMDZcL2hvdGVsLXZlZ2EtaGlzdG9yaWU0LmpwZyIsInNsaWRlc2hvdyI6IjllNWMyMzMifQ%3D%3D\" href='https:\/\/hotelvega.cz\/wp-content\/uploads\/2024\/06\/hotel-vega-historie4.jpg'><img decoding=\"async\" width=\"600\" height=\"400\" src=\"https:\/\/hotelvega.cz\/wp-content\/uploads\/2024\/06\/hotel-vega-historie4-600x400.jpg\" class=\"attachment-himara_image_size_600_400 size-himara_image_size_600_400\" alt=\"\" srcset=\"https:\/\/hotelvega.cz\/wp-content\/uploads\/2024\/06\/hotel-vega-historie4-600x400.jpg 600w, https:\/\/hotelvega.cz\/wp-content\/uploads\/2024\/06\/hotel-vega-historie4-300x200.jpg 300w, https:\/\/hotelvega.cz\/wp-content\/uploads\/2024\/06\/hotel-vega-historie4-1024x683.jpg 1024w, https:\/\/hotelvega.cz\/wp-content\/uploads\/2024\/06\/hotel-vega-historie4-768x512.jpg 768w, https:\/\/hotelvega.cz\/wp-content\/uploads\/2024\/06\/hotel-vega-historie4-80x53.jpg 80w, https:\/\/hotelvega.cz\/wp-content\/uploads\/2024\/06\/hotel-vega-historie4.jpg 1280w\" sizes=\"(max-width: 600px) 100vw, 600px\" \/><\/a>\n\t\t\t<\/div><\/figure><figure class='gallery-item'>\n\t\t\t<div class='gallery-icon landscape'>\n\t\t\t\t<a data-elementor-open-lightbox=\"yes\" data-elementor-lightbox-slideshow=\"9e5c233\" data-elementor-lightbox-title=\"hotel-vega-historie3\" data-e-action-hash=\"#elementor-action%3Aaction%3Dlightbox%26settings%3DeyJpZCI6NDA0NSwidXJsIjoiaHR0cHM6XC9cL2hvdGVsdmVnYS5jelwvd3AtY29udGVudFwvdXBsb2Fkc1wvMjAyNFwvMDZcL2hvdGVsLXZlZ2EtaGlzdG9yaWUzLmpwZyIsInNsaWRlc2hvdyI6IjllNWMyMzMifQ%3D%3D\" href='https:\/\/hotelvega.cz\/wp-content\/uploads\/2024\/06\/hotel-vega-historie3.jpg'><img loading=\"lazy\" decoding=\"async\" width=\"600\" height=\"400\" src=\"https:\/\/hotelvega.cz\/wp-content\/uploads\/2024\/06\/hotel-vega-historie3-600x400.jpg\" class=\"attachment-himara_image_size_600_400 size-himara_image_size_600_400\" alt=\"\" srcset=\"https:\/\/hotelvega.cz\/wp-content\/uploads\/2024\/06\/hotel-vega-historie3-600x400.jpg 600w, https:\/\/hotelvega.cz\/wp-content\/uploads\/2024\/06\/hotel-vega-historie3-300x200.jpg 300w, https:\/\/hotelvega.cz\/wp-content\/uploads\/2024\/06\/hotel-vega-historie3-1024x683.jpg 1024w, https:\/\/hotelvega.cz\/wp-content\/uploads\/2024\/06\/hotel-vega-historie3-768x512.jpg 768w, https:\/\/hotelvega.cz\/wp-content\/uploads\/2024\/06\/hotel-vega-historie3-80x53.jpg 80w, https:\/\/hotelvega.cz\/wp-content\/uploads\/2024\/06\/hotel-vega-historie3.jpg 1280w\" sizes=\"(max-width: 600px) 100vw, 600px\" \/><\/a>\n\t\t\t<\/div><\/figure>\n\t\t<\/div>\n\t\t<\/div>\n\t\t\t\t\t\t<\/div>\n\t\t\t\t<\/div>\n\t\t\t\t\t<\/div>\n\t\t<\/div>\n\t\t\t\t\t<\/div>\n\t\t<\/section>\n\t\t\t\t<section class=\"elementor-section elementor-inner-section elementor-element elementor-element-1b82360 elementor-section-boxed elementor-section-height-default elementor-section-height-default\" data-id=\"1b82360\" data-element_type=\"section\">\n\t\t\t\t\t\t<div class=\"elementor-container elementor-column-gap-no\">\n\t\t\t\t\t<div class=\"elementor-column elementor-col-100 elementor-inner-column elementor-element elementor-element-d2ff58a\" data-id=\"d2ff58a\" data-element_type=\"column\">\n\t\t\t<div class=\"elementor-widget-wrap elementor-element-populated\">\n\t\t\t\t\t\t<div class=\"elementor-element elementor-element-ef3b544 elementor-widget elementor-widget-text-editor\" data-id=\"ef3b544\" data-element_type=\"widget\" data-widget_type=\"text-editor.default\">\n\t\t\t\t<div class=\"elementor-widget-container\">\n\t\t\t\t\t\t\t\t\t<p>The hotel building was built in 1981, originally used for the company recreation of the Hodon\u00edn Ironworks. In 1990 it became a member of the holding consisting of Ferro Moravia Star\u00e9 M\u011bsto Ironworks, \u0160roub\u00e1rny \u017dd\u00e1nice and \u0160roub\u00e1rny Kyjov under the name Hotel Vega, s.r.o.<\/p><p>The building underwent extensive reconstruction in 1996-1997, when a sports centre and part of the catering section were added. Operation started in autumn 1997. In the following years the hotel underwent many renovations. Reconstruction of the restaurant, construction of a new lounge and renovation of rooms and corridors.<\/p><p>Among the biggest achievements in 2018 is the construction of an outdoor swimming pool with facilities and a cafeteria. In the same year, the Vega Hotel was also awarded a four-star hotel classification. In 2021, the hotel's pool and spa underwent renovations. The extension created a new space for a sauna area and a spacious relaxation room. The hotel's massage rooms also received a new coat.<\/p><p>In 2021, the accommodation capacity was expanded to include 12 air-conditioned apartment cottages, located in close proximity to the hotel, offering guests stylish accommodation and greater privacy. With this extension, the hotel is able to meet the huge demand for accommodation in this unique location.<\/p><p>The year 2024 has brought a new look to the hotel, thanks to a successful renovation of the exterior of the hotel, where anthracite metal and wood are combined to give the hotel a look that fits in perfectly with the local nature. Also worth mentioning is the newly built outdoor terrace with breathtaking views of the valley and a seating capacity of more than 40 people.<\/p>\t\t\t\t\t\t\t\t<\/div>\n\t\t\t\t<\/div>\n\t\t\t\t\t<\/div>\n\t\t<\/div>\n\t\t\t\t\t<\/div>\n\t\t<\/section>\n\t\t\t\t\t<\/div>\n\t\t<\/div>\n\t\t\t\t\t<\/div>\n\t\t<\/section>\n\t\t\t\t<\/div>","protected":false},"excerpt":{"rendered":"<p>O hotelu VEGA Hotelov\u00fd are\u00e1l se nach\u00e1z\u00ed v\u00a0srdci p\u0159\u00edrody na svaz\u00edch pod Komoncem a nab\u00edz\u00ed tak jedine\u010dn\u00fd a jin\u00fd pohled na Luha\u010dovice. \u00da\u017easn\u00e9 v\u00fdhledy neru\u0161en\u00e9 okoln\u00ed z\u00e1stavbou, nab\u00edzej\u00ed pohled na Luha\u010dovickou p\u0159ehradu i okoln\u00ed zalesn\u011bn\u00e9 kopce. D\u00edky sv\u00e9 poloze je ide\u00e1ln\u00edm m\u00edstem pro dovolenou s\u00a0d\u011btmi, romantick\u00e9 pobyty, v\u00edkendov\u00e9 pobyty, pobyty pro jednotlivce, seniorsk\u00e9 pobyty a [&hellip;]<\/p>","protected":false},"author":1,"featured_media":0,"parent":0,"menu_order":0,"comment_status":"closed","ping_status":"closed","template":"","meta":{"_acf_changed":false,"footnotes":""},"class_list":["post-40","page","type-page","status-publish","hentry"],"acf":[],"yoast_head":"<!-- This site is optimized with the Yoast SEO plugin v25.3 - https:\/\/yoast.com\/wordpress\/plugins\/seo\/ -->\n<title>Hotel - Hotel Vega<\/title>\n<meta name=\"robots\" content=\"index, follow, max-snippet:-1, max-image-preview:large, max-video-preview:-1\" \/>\n<link rel=\"canonical\" href=\"https:\/\/hotelvega.cz\/en\/hotel\/\" \/>\n<meta property=\"og:locale\" content=\"en_GB\" \/>\n<meta property=\"og:type\" content=\"article\" \/>\n<meta property=\"og:title\" content=\"Hotel - Hotel Vega\" \/>\n<meta property=\"og:description\" content=\"O hotelu VEGA Hotelov\u00fd are\u00e1l se nach\u00e1z\u00ed v\u00a0srdci p\u0159\u00edrody na svaz\u00edch pod Komoncem a nab\u00edz\u00ed tak jedine\u010dn\u00fd a jin\u00fd pohled na Luha\u010dovice. \u00da\u017easn\u00e9 v\u00fdhledy neru\u0161en\u00e9 okoln\u00ed z\u00e1stavbou, nab\u00edzej\u00ed pohled na Luha\u010dovickou p\u0159ehradu i okoln\u00ed zalesn\u011bn\u00e9 kopce. D\u00edky sv\u00e9 poloze je ide\u00e1ln\u00edm m\u00edstem pro dovolenou s\u00a0d\u011btmi, romantick\u00e9 pobyty, v\u00edkendov\u00e9 pobyty, pobyty pro jednotlivce, seniorsk\u00e9 pobyty a [&hellip;]\" \/>\n<meta property=\"og:url\" content=\"https:\/\/hotelvega.cz\/en\/hotel\/\" \/>\n<meta property=\"og:site_name\" content=\"Hotel Vega\" \/>\n<meta property=\"article:modified_time\" content=\"2024-11-26T08:46:58+00:00\" \/>\n<meta property=\"og:image\" content=\"https:\/\/hotelvega.cz\/wp-content\/uploads\/2024\/06\/logo-pages-1.png\" \/>\n<meta name=\"twitter:card\" content=\"summary_large_image\" \/>\n<meta name=\"twitter:label1\" content=\"Estimated reading time\" \/>\n\t<meta name=\"twitter:data1\" content=\"3 minutes\" \/>\n<script type=\"application\/ld+json\" class=\"yoast-schema-graph\">{\"@context\":\"https:\/\/schema.org\",\"@graph\":[{\"@type\":\"WebPage\",\"@id\":\"https:\/\/hotelvega.cz\/hotel\/\",\"url\":\"https:\/\/hotelvega.cz\/hotel\/\",\"name\":\"Hotel - Hotel Vega\",\"isPartOf\":{\"@id\":\"https:\/\/hotelvega.cz\/#website\"},\"primaryImageOfPage\":{\"@id\":\"https:\/\/hotelvega.cz\/hotel\/#primaryimage\"},\"image\":{\"@id\":\"https:\/\/hotelvega.cz\/hotel\/#primaryimage\"},\"thumbnailUrl\":\"https:\/\/hotelvega.cz\/wp-content\/uploads\/2024\/06\/logo-pages-1.png\",\"datePublished\":\"2022-04-20T14:01:15+00:00\",\"dateModified\":\"2024-11-26T08:46:58+00:00\",\"breadcrumb\":{\"@id\":\"https:\/\/hotelvega.cz\/hotel\/#breadcrumb\"},\"inLanguage\":\"en-GB\",\"potentialAction\":[{\"@type\":\"ReadAction\",\"target\":[\"https:\/\/hotelvega.cz\/hotel\/\"]}]},{\"@type\":\"ImageObject\",\"inLanguage\":\"en-GB\",\"@id\":\"https:\/\/hotelvega.cz\/hotel\/#primaryimage\",\"url\":\"https:\/\/hotelvega.cz\/wp-content\/uploads\/2024\/06\/logo-pages-1.png\",\"contentUrl\":\"https:\/\/hotelvega.cz\/wp-content\/uploads\/2024\/06\/logo-pages-1.png\"},{\"@type\":\"BreadcrumbList\",\"@id\":\"https:\/\/hotelvega.cz\/hotel\/#breadcrumb\",\"itemListElement\":[{\"@type\":\"ListItem\",\"position\":1,\"name\":\"Dom\u016f\",\"item\":\"https:\/\/hotelvega.cz\/\"},{\"@type\":\"ListItem\",\"position\":2,\"name\":\"Hotel\"}]},{\"@type\":\"WebSite\",\"@id\":\"https:\/\/hotelvega.cz\/#website\",\"url\":\"https:\/\/hotelvega.cz\/\",\"name\":\"Hotel Vega\",\"description\":\"Hotel Vega Luha\u010dovice\",\"potentialAction\":[{\"@type\":\"SearchAction\",\"target\":{\"@type\":\"EntryPoint\",\"urlTemplate\":\"https:\/\/hotelvega.cz\/?s={search_term_string}\"},\"query-input\":{\"@type\":\"PropertyValueSpecification\",\"valueRequired\":true,\"valueName\":\"search_term_string\"}}],\"inLanguage\":\"en-GB\"}]}<\/script>\n<!-- \/ Yoast SEO plugin. -->","yoast_head_json":{"title":"Hotel - Hotel Vega","robots":{"index":"index","follow":"follow","max-snippet":"max-snippet:-1","max-image-preview":"max-image-preview:large","max-video-preview":"max-video-preview:-1"},"canonical":"https:\/\/hotelvega.cz\/en\/hotel\/","og_locale":"en_GB","og_type":"article","og_title":"Hotel - Hotel Vega","og_description":"O hotelu VEGA Hotelov\u00fd are\u00e1l se nach\u00e1z\u00ed v\u00a0srdci p\u0159\u00edrody na svaz\u00edch pod Komoncem a nab\u00edz\u00ed tak jedine\u010dn\u00fd a jin\u00fd pohled na Luha\u010dovice. \u00da\u017easn\u00e9 v\u00fdhledy neru\u0161en\u00e9 okoln\u00ed z\u00e1stavbou, nab\u00edzej\u00ed pohled na Luha\u010dovickou p\u0159ehradu i okoln\u00ed zalesn\u011bn\u00e9 kopce. D\u00edky sv\u00e9 poloze je ide\u00e1ln\u00edm m\u00edstem pro dovolenou s\u00a0d\u011btmi, romantick\u00e9 pobyty, v\u00edkendov\u00e9 pobyty, pobyty pro jednotlivce, seniorsk\u00e9 pobyty a [&hellip;]","og_url":"https:\/\/hotelvega.cz\/en\/hotel\/","og_site_name":"Hotel Vega","article_modified_time":"2024-11-26T08:46:58+00:00","og_image":[{"url":"https:\/\/hotelvega.cz\/wp-content\/uploads\/2024\/06\/logo-pages-1.png","type":"","width":"","height":""}],"twitter_card":"summary_large_image","twitter_misc":{"Estimated reading time":"3 minutes"},"schema":{"@context":"https:\/\/schema.org","@graph":[{"@type":"WebPage","@id":"https:\/\/hotelvega.cz\/hotel\/","url":"https:\/\/hotelvega.cz\/hotel\/","name":"Hotel - Hotel Vega","isPartOf":{"@id":"https:\/\/hotelvega.cz\/#website"},"primaryImageOfPage":{"@id":"https:\/\/hotelvega.cz\/hotel\/#primaryimage"},"image":{"@id":"https:\/\/hotelvega.cz\/hotel\/#primaryimage"},"thumbnailUrl":"https:\/\/hotelvega.cz\/wp-content\/uploads\/2024\/06\/logo-pages-1.png","datePublished":"2022-04-20T14:01:15+00:00","dateModified":"2024-11-26T08:46:58+00:00","breadcrumb":{"@id":"https:\/\/hotelvega.cz\/hotel\/#breadcrumb"},"inLanguage":"en-GB","potentialAction":[{"@type":"ReadAction","target":["https:\/\/hotelvega.cz\/hotel\/"]}]},{"@type":"ImageObject","inLanguage":"en-GB","@id":"https:\/\/hotelvega.cz\/hotel\/#primaryimage","url":"https:\/\/hotelvega.cz\/wp-content\/uploads\/2024\/06\/logo-pages-1.png","contentUrl":"https:\/\/hotelvega.cz\/wp-content\/uploads\/2024\/06\/logo-pages-1.png"},{"@type":"BreadcrumbList","@id":"https:\/\/hotelvega.cz\/hotel\/#breadcrumb","itemListElement":[{"@type":"ListItem","position":1,"name":"Dom\u016f","item":"https:\/\/hotelvega.cz\/"},{"@type":"ListItem","position":2,"name":"Hotel"}]},{"@type":"WebSite","@id":"https:\/\/hotelvega.cz\/#website","url":"https:\/\/hotelvega.cz\/","name":"Hotel Vega","description":"Hotel Vega Luha\u010dovice","potentialAction":[{"@type":"SearchAction","target":{"@type":"EntryPoint","urlTemplate":"https:\/\/hotelvega.cz\/?s={search_term_string}"},"query-input":{"@type":"PropertyValueSpecification","valueRequired":true,"valueName":"search_term_string"}}],"inLanguage":"en-GB"}]}},"_links":{"self":[{"href":"https:\/\/hotelvega.cz\/en\/wp-json\/wp\/v2\/pages\/40","targetHints":{"allow":["GET"]}}],"collection":[{"href":"https:\/\/hotelvega.cz\/en\/wp-json\/wp\/v2\/pages"}],"about":[{"href":"https:\/\/hotelvega.cz\/en\/wp-json\/wp\/v2\/types\/page"}],"author":[{"embeddable":true,"href":"https:\/\/hotelvega.cz\/en\/wp-json\/wp\/v2\/users\/1"}],"replies":[{"embeddable":true,"href":"https:\/\/hotelvega.cz\/en\/wp-json\/wp\/v2\/comments?post=40"}],"version-history":[{"count":45,"href":"https:\/\/hotelvega.cz\/en\/wp-json\/wp\/v2\/pages\/40\/revisions"}],"predecessor-version":[{"id":7227,"href":"https:\/\/hotelvega.cz\/en\/wp-json\/wp\/v2\/pages\/40\/revisions\/7227"}],"wp:attachment":[{"href":"https:\/\/hotelvega.cz\/en\/wp-json\/wp\/v2\/media?parent=40"}],"curies":[{"name":"wp","href":"https:\/\/api.w.org\/{rel}","templated":true}]}}